{"id":151,"date":"2025-10-31T11:34:20","date_gmt":"2025-10-31T14:34:20","guid":{"rendered":"https:\/\/editoriallaborat.com.br\/?page_id=151"},"modified":"2025-10-31T13:54:26","modified_gmt":"2025-10-31T16:54:26","slug":"repositorio","status":"publish","type":"page","link":"https:\/\/editoriallaborat.com.br\/?page_id=151","title":{"rendered":"Repositorio"},"content":{"rendered":"\n<p class=\"has-text-align-center has-system-serif-font-family has-xx-large-font-size\">Editorial Labor<em>A<\/em>t<\/p>\n\n\n\n<div class=\"wp-block-buttons is-content-justification-center is-layout-flex wp-container-core-buttons-is-layout-a89b3969 wp-block-buttons-is-layout-flex\">\n<div class=\"wp-block-button has-custom-width wp-block-button__width-50\"><a class=\"wp-block-button__link has-contrast-color has-accent-4-background-color has-text-color has-background has-link-color has-heading-font-family has-large-font-size has-custom-font-size wp-element-button\" style=\"border-radius:100px\"><strong>Rep<em>osit<\/em>\u00f3rio<\/strong><\/a><\/div>\n<\/div>\n\n\n\n<div style=\"height:35px\" aria-hidden=\"true\" class=\"wp-block-spacer\"><\/div>\n\n\n\n<figure class=\"wp-block-table alignwide is-style-regular has-small-font-size\"><table><thead><tr><th>Autor (ano)<\/th><th>T\u00edtulo ou Refer\u00eancia<\/th><th>Tipo de Produ\u00e7\u00e3o<\/th><th>Formato(s)<br>Dispon\u00edvel(is)<\/th><\/tr><\/thead><tbody><tr><td>Fernanda Silva de Oliveira (2025)<\/td><td>Lingu\u00edstica Geral para o letramento intercultural &amp; intermodal<\/td><td>Resenha<\/td><td><a href=\"https:\/\/www.editoriallaborat.com.br\/publicacoes\/repositorio\/fernanda_oliveira_2025_1.pdf\">PDF<\/a><\/td><\/tr><tr><td>Dandara de Paula (2025)<\/td><td>O bilinguismo na perspectiva de Colin Baker e sua aplica\u00e7\u00e3o na educa\u00e7\u00e3o de surdos: Contribui\u00e7\u00f5es para pol\u00edticas lingu\u00edsticas<\/td><td>Resenha<\/td><td><a href=\"https:\/\/www.editoriallaborat.com.br\/publicacoes\/repositorio\/dandara_de_paula_2025_1.pdf\">PDF<\/a><\/td><\/tr><tr><td>Mariana de O. Martins Domingues (2025)<\/td><td>Lingu\u00edstica geral para o letramento intercultural e intermodal<\/td><td>Resenha<\/td><td><a href=\"https:\/\/www.editoriallaborat.com.br\/publicacoes\/repositorio\/mariana_domingues_2025_1.pdf\">PDF<\/a><\/td><\/tr><tr><td>Ramon Ferreira Damasceno<\/td><td>Gramaticaliza\u00e7\u00e3o: Perspectivas te\u00f3ricas e caminhos anal\u00edticos a partir do tratado geral sobre gramaticaliza\u00e7\u00e3o<\/td><td>Resenha<\/td><td><a href=\"https:\/\/www.editoriallaborat.com.br\/publicacoes\/repositorio\/ramon_damasceno_2025_1.pdf\">PDF<\/a><\/td><\/tr><\/tbody><\/table><\/figure>\n\n\n\n<div style=\"height:30px\" aria-hidden=\"true\" class=\"wp-block-spacer\"><\/div>\n","protected":false},"excerpt":{"rendered":"<p>Editorial LaborAt Autor (ano) T\u00edtulo ou Refer\u00eancia Tipo de Produ\u00e7\u00e3o Formato(s)Dispon\u00edvel(is) Fernanda Silva de Oliveira (2025) Lingu\u00edstica Geral para o letramento intercultural &amp; intermodal Resenha PDF Dandara de Paula (2025) O bilinguismo na perspectiva de Colin Baker e sua aplica\u00e7\u00e3o na educa\u00e7\u00e3o de surdos: Contribui\u00e7\u00f5es para pol\u00edticas lingu\u00edsticas Resenha PDF Mariana de O. Martins Domingues [&hellip;]<\/p>\n","protected":false},"author":1,"featured_media":0,"parent":69,"menu_order":0,"comment_status":"closed","ping_status":"closed","template":"page-no-title","meta":{"footnotes":""},"class_list":["post-151","page","type-page","status-publish","hentry"],"_links":{"self":[{"href":"https:\/\/editoriallaborat.com.br\/index.php?rest_route=\/wp\/v2\/pages\/151","targetHints":{"allow":["GET"]}}],"collection":[{"href":"https:\/\/editoriallaborat.com.br\/index.php?rest_route=\/wp\/v2\/pages"}],"about":[{"href":"https:\/\/editoriallaborat.com.br\/index.php?rest_route=\/wp\/v2\/types\/page"}],"author":[{"embeddable":true,"href":"https:\/\/editoriallaborat.com.br\/index.php?rest_route=\/wp\/v2\/users\/1"}],"replies":[{"embeddable":true,"href":"https:\/\/editoriallaborat.com.br\/index.php?rest_route=%2Fwp%2Fv2%2Fcomments&post=151"}],"version-history":[{"count":3,"href":"https:\/\/editoriallaborat.com.br\/index.php?rest_route=\/wp\/v2\/pages\/151\/revisions"}],"predecessor-version":[{"id":154,"href":"https:\/\/editoriallaborat.com.br\/index.php?rest_route=\/wp\/v2\/pages\/151\/revisions\/154"}],"up":[{"embeddable":true,"href":"https:\/\/editoriallaborat.com.br\/index.php?rest_route=\/wp\/v2\/pages\/69"}],"wp:attachment":[{"href":"https:\/\/editoriallaborat.com.br\/index.php?rest_route=%2Fwp%2Fv2%2Fmedia&parent=151"}],"curies":[{"name":"wp","href":"https:\/\/api.w.org\/{rel}","templated":true}]}}