{"id":25,"date":"2025-08-01T13:10:42","date_gmt":"2025-08-01T16:10:42","guid":{"rendered":"https:\/\/editoriallaborat.com.br\/?page_id=25"},"modified":"2025-10-24T11:40:55","modified_gmt":"2025-10-24T14:40:55","slug":"home","status":"publish","type":"page","link":"https:\/\/editoriallaborat.com.br\/","title":{"rendered":"Home"},"content":{"rendered":"\n<div style=\"height:28px\" aria-hidden=\"true\" class=\"wp-block-spacer\"><\/div>\n\n\n\n<div class=\"wp-block-buttons is-content-justification-center is-layout-flex wp-container-core-buttons-is-layout-a89b3969 wp-block-buttons-is-layout-flex\">\n<div class=\"wp-block-button\"><a class=\"wp-block-button__link has-contrast-2-color has-accent-background-color has-text-color has-background has-link-color wp-element-button\"><strong>Laborat\u00f3rio de Linguagens &amp; Ambientes de Aprendizagem Hipertextual<\/strong><\/a><\/div>\n<\/div>\n\n\n\n<figure class=\"wp-block-image aligncenter size-large is-resized\"><img loading=\"lazy\" decoding=\"async\" width=\"1024\" height=\"256\" src=\"http:\/\/editoriallaborat.com.br\/wp-content\/uploads\/2025\/07\/logo_matriz-1024x256.png\" alt=\"Logo Editorial LaborAt\" class=\"wp-image-15\" style=\"width:508px;height:auto\" srcset=\"https:\/\/editoriallaborat.com.br\/wp-content\/uploads\/2025\/07\/logo_matriz-1024x256.png 1024w, https:\/\/editoriallaborat.com.br\/wp-content\/uploads\/2025\/07\/logo_matriz-300x75.png 300w, https:\/\/editoriallaborat.com.br\/wp-content\/uploads\/2025\/07\/logo_matriz-768x192.png 768w, https:\/\/editoriallaborat.com.br\/wp-content\/uploads\/2025\/07\/logo_matriz-1536x384.png 1536w, https:\/\/editoriallaborat.com.br\/wp-content\/uploads\/2025\/07\/logo_matriz-2048x512.png 2048w\" sizes=\"auto, (max-width: 1024px) 100vw, 1024px\" \/><\/figure>\n\n\n\n<p class=\"has-text-align-center has-contrast-2-color has-text-color has-link-color has-small-font-size wp-elements-b2b185090b0b63bd90fcb81d9afd5787\" style=\"line-height:0\"><strong>Iniciativa de Imprensa Acad\u00eamico-Cient\u00edfica Aberta, Livre e Confi\u00e1vel<\/strong><\/p>\n\n\n\n<div style=\"height:10px\" aria-hidden=\"true\" class=\"wp-block-spacer\"><\/div>\n\n\n\n<div class=\"wp-block-columns has-accent-2-background-color has-background is-layout-flex wp-container-core-columns-is-layout-28f84493 wp-block-columns-is-layout-flex\" style=\"border-radius:27px\">\n<div class=\"wp-block-column is-layout-flow wp-block-column-is-layout-flow\">\n<h2 class=\"wp-block-heading has-text-align-center has-background\" style=\"border-radius:17px;background:linear-gradient(142deg,#B1C5A4 0%,#F9F9F9 100%);padding-top:var(--wp--preset--spacing--40);padding-right:var(--wp--preset--spacing--20);padding-bottom:var(--wp--preset--spacing--40);padding-left:var(--wp--preset--spacing--20);font-size:clamp(0.875rem, 0.875rem + ((1vw - 0.2rem) * 0.708), 1.3rem);\"><a href=\"https:\/\/editoriallaborat.com.br\/?page_id=52\" data-type=\"page\" data-id=\"52\">Identidade<\/a><\/h2>\n\n\n\n<p class=\"has-text-align-center has-contrast-color has-text-color has-link-color has-system-serif-font-family has-small-font-size wp-elements-3bb28ccccfb75912519db7700c2b49f0\" style=\"border-style:none;border-width:0px;border-radius:0px;margin-top:0;margin-right:0;margin-bottom:0;margin-left:0;line-height:1\"><br>Motiva\u00e7\u00e3o<br>Movimento Acesso Aberto<br>Miss\u00e3o<\/p>\n<\/div>\n\n\n\n<div class=\"wp-block-column is-layout-flow wp-block-column-is-layout-flow\">\n<h2 class=\"wp-block-heading has-text-align-center has-background\" style=\"border-radius:20px;background:linear-gradient(142deg,rgb(216,97,60) 20%,rgb(249,249,249) 100%);padding-top:var(--wp--preset--spacing--40);padding-right:var(--wp--preset--spacing--20);padding-bottom:var(--wp--preset--spacing--40);padding-left:var(--wp--preset--spacing--20);font-size:clamp(0.875rem, 0.875rem + ((1vw - 0.2rem) * 0.708), 1.3rem);\"><a href=\"https:\/\/editoriallaborat.com.br\/?page_id=75\" data-type=\"page\" data-id=\"75\">Editoria<\/a><\/h2>\n\n\n\n<p class=\"has-text-align-center has-system-serif-font-family has-small-font-size\" style=\"line-height:1\">Perfil Editorial<br>Corpo Editorial<br>O que publicar<\/p>\n<\/div>\n\n\n\n<div class=\"wp-block-column is-layout-flow wp-block-column-is-layout-flow\">\n<h2 class=\"wp-block-heading has-text-align-center has-background\" style=\"border-radius:20px;background:linear-gradient(127deg,#A4A4A4 0%,#F9F9F9 100%);padding-top:var(--wp--preset--spacing--40);padding-right:var(--wp--preset--spacing--20);padding-bottom:var(--wp--preset--spacing--40);padding-left:var(--wp--preset--spacing--20);font-size:clamp(0.875rem, 0.875rem + ((1vw - 0.2rem) * 0.708), 1.3rem);\"><a href=\"https:\/\/editoriallaborat.com.br\/?page_id=69\" data-type=\"page\" data-id=\"69\">Publica\u00e7\u00f5es<\/a><\/h2>\n\n\n\n<p class=\"has-text-align-center has-system-serif-font-family has-small-font-size\" style=\"line-height:1\">Publica\u00e7\u00f5es <br>Dispon\u00edveis<\/p>\n<\/div>\n<\/div>\n\n\n\n<div class=\"wp-block-buttons is-content-justification-center is-layout-flex wp-container-core-buttons-is-layout-a89b3969 wp-block-buttons-is-layout-flex\">\n<div class=\"wp-block-button has-custom-width wp-block-button__width-75\"><a class=\"wp-block-button__link has-contrast-color has-accent-2-background-color has-text-color has-background has-link-color has-custom-font-size wp-element-button\" href=\"https:\/\/editoriallaborat.com.br\/?page_id=140\" style=\"border-radius:10px;font-size:clamp(0.875rem, 0.875rem + ((1vw - 0.2rem) * 0.208), 1rem);\">     Como publicar no Editorial Labor<em>A<\/em>t     <\/a><\/div>\n<\/div>\n\n\n\n<div style=\"height:12px\" aria-hidden=\"true\" class=\"wp-block-spacer\"><\/div>\n","protected":false},"excerpt":{"rendered":"<p>Iniciativa de Imprensa Acad\u00eamico-Cient\u00edfica Aberta, Livre e Confi\u00e1vel Identidade Motiva\u00e7\u00e3oMovimento Acesso AbertoMiss\u00e3o Editoria Perfil EditorialCorpo EditorialO que publicar Publica\u00e7\u00f5es Publica\u00e7\u00f5es Dispon\u00edveis<\/p>\n","protected":false},"author":1,"featured_media":0,"parent":0,"menu_order":0,"comment_status":"closed","ping_status":"closed","template":"page-no-title","meta":{"footnotes":""},"class_list":["post-25","page","type-page","status-publish","hentry"],"_links":{"self":[{"href":"https:\/\/editoriallaborat.com.br\/index.php?rest_route=\/wp\/v2\/pages\/25","targetHints":{"allow":["GET"]}}],"collection":[{"href":"https:\/\/editoriallaborat.com.br\/index.php?rest_route=\/wp\/v2\/pages"}],"about":[{"href":"https:\/\/editoriallaborat.com.br\/index.php?rest_route=\/wp\/v2\/types\/page"}],"author":[{"embeddable":true,"href":"https:\/\/editoriallaborat.com.br\/index.php?rest_route=\/wp\/v2\/users\/1"}],"replies":[{"embeddable":true,"href":"https:\/\/editoriallaborat.com.br\/index.php?rest_route=%2Fwp%2Fv2%2Fcomments&post=25"}],"version-history":[{"count":15,"href":"https:\/\/editoriallaborat.com.br\/index.php?rest_route=\/wp\/v2\/pages\/25\/revisions"}],"predecessor-version":[{"id":139,"href":"https:\/\/editoriallaborat.com.br\/index.php?rest_route=\/wp\/v2\/pages\/25\/revisions\/139"}],"wp:attachment":[{"href":"https:\/\/editoriallaborat.com.br\/index.php?rest_route=%2Fwp%2Fv2%2Fmedia&parent=25"}],"curies":[{"name":"wp","href":"https:\/\/api.w.org\/{rel}","templated":true}]}}