{"id":3,"date":"2025-07-31T11:56:50","date_gmt":"2025-07-31T14:56:50","guid":{"rendered":"http:\/\/editoriallaborat.com.br\/?page_id=3"},"modified":"2025-08-08T14:23:56","modified_gmt":"2025-08-08T17:23:56","slug":"politica-de-privacidade","status":"publish","type":"page","link":"https:\/\/editoriallaborat.com.br\/?page_id=3","title":{"rendered":"Pol\u00edtica do Site"},"content":{"rendered":"\n<h2 class=\"wp-block-heading has-large-font-size\">Quem somos<\/h2>\n\n\n\n<p class=\"has-small-font-size\">O Editorial Labor<em>A<\/em>t \u00e9 uma iniciativa acad\u00eamico-cient\u00edfica sem quaisquer fins lucrativos e sem mecanismos pr\u00f3prios ou vinculantes de remunera\u00e7\u00e3o destinada a seu corpo editorial. Seu desenvolvimento e manuten\u00e7\u00e3o d\u00e3o-se a cargo do <a href=\"https:\/\/www.senna.pro.br\/gp\">Grupo de Pesquisa Linguagem, Cogni\u00e7\u00e3o Humana e Processos Educacionais<\/a>, com sede no Programa de P\u00f3s-Gradua\u00e7\u00e3o em Educa\u00e7\u00e3o da Universidade do Estado do Rio de Janeiro, com a coopera\u00e7\u00e3o espor\u00e1dica de outros grupos de pesquisa nacionais e internacionais. <\/p>\n\n\n\n<h2 class=\"wp-block-heading has-large-font-size\">M\u00eddia incorporada de outros sites<\/h2>\n\n\n\n<p>Artigos neste site podem incluir conte\u00fado incorporado como, por exemplo, v\u00eddeos, imagens, artigos, etc. Conte\u00fados incorporados de outros sites se comportam exatamente da mesma forma como se o visitante estivesse visitando o outro site.<\/p>\n\n\n\n<p>Estes sites podem coletar dados sobre voc\u00ea, usar cookies, incorporar rastreamento adicional de terceiros e monitorar sua intera\u00e7\u00e3o com este conte\u00fado incorporado, incluindo sua intera\u00e7\u00e3o com o conte\u00fado incorporado se voc\u00ea tem uma conta e est\u00e1 conectado com o site.<\/p>\n\n\n\n<h2 class=\"wp-block-heading has-large-font-size\">Com quem compartilhamos seus dados<\/h2>\n\n\n\n<p>Este site n\u00e3o coleta ou armazena dados pessoais de nenhuma pessoa ou institui\u00e7\u00e3o que o visite, tampouco compartilha com terceiros quaisquer informa\u00e7\u00f5es que possam identificar ou qualificar seus usu\u00e1rios, exceto aquelas previstas em lei e demandadas por for\u00e7a judicial.<\/p>\n\n\n\n<h2 class=\"wp-block-heading\">Diretos autorais<\/h2>\n\n\n\n<p>Este site foi desenvolvido em ambiente WordPress credenciado e armazenado pela <a href=\"https:\/\/king.host\/\">KingHost<\/a> (LWSA, Brasil), com projeto editorial de @L.A.G.Senna (2025).<\/p>\n","protected":false},"excerpt":{"rendered":"<p>Quem somos O Editorial LaborAt \u00e9 uma iniciativa acad\u00eamico-cient\u00edfica sem quaisquer fins lucrativos e sem mecanismos pr\u00f3prios ou vinculantes de remunera\u00e7\u00e3o destinada a seu corpo editorial. Seu desenvolvimento e manuten\u00e7\u00e3o d\u00e3o-se a cargo do Grupo de Pesquisa Linguagem, Cogni\u00e7\u00e3o Humana e Processos Educacionais, com sede no Programa de P\u00f3s-Gradua\u00e7\u00e3o em Educa\u00e7\u00e3o da Universidade do Estado [&hellip;]<\/p>\n","protected":false},"author":1,"featured_media":0,"parent":0,"menu_order":0,"comment_status":"closed","ping_status":"open","template":"","meta":{"footnotes":""},"class_list":["post-3","page","type-page","status-publish","hentry"],"_links":{"self":[{"href":"https:\/\/editoriallaborat.com.br\/index.php?rest_route=\/wp\/v2\/pages\/3","targetHints":{"allow":["GET"]}}],"collection":[{"href":"https:\/\/editoriallaborat.com.br\/index.php?rest_route=\/wp\/v2\/pages"}],"about":[{"href":"https:\/\/editoriallaborat.com.br\/index.php?rest_route=\/wp\/v2\/types\/page"}],"author":[{"embeddable":true,"href":"https:\/\/editoriallaborat.com.br\/index.php?rest_route=\/wp\/v2\/users\/1"}],"replies":[{"embeddable":true,"href":"https:\/\/editoriallaborat.com.br\/index.php?rest_route=%2Fwp%2Fv2%2Fcomments&post=3"}],"version-history":[{"count":2,"href":"https:\/\/editoriallaborat.com.br\/index.php?rest_route=\/wp\/v2\/pages\/3\/revisions"}],"predecessor-version":[{"id":105,"href":"https:\/\/editoriallaborat.com.br\/index.php?rest_route=\/wp\/v2\/pages\/3\/revisions\/105"}],"wp:attachment":[{"href":"https:\/\/editoriallaborat.com.br\/index.php?rest_route=%2Fwp%2Fv2%2Fmedia&parent=3"}],"curies":[{"name":"wp","href":"https:\/\/api.w.org\/{rel}","templated":true}]}}