{"id":69,"date":"2025-08-02T14:28:33","date_gmt":"2025-08-02T17:28:33","guid":{"rendered":"https:\/\/editoriallaborat.com.br\/?page_id=69"},"modified":"2025-10-31T13:55:02","modified_gmt":"2025-10-31T16:55:02","slug":"publicacoes","status":"publish","type":"page","link":"https:\/\/editoriallaborat.com.br\/?page_id=69","title":{"rendered":"Publicacoes"},"content":{"rendered":"\n<div style=\"height:25px\" aria-hidden=\"true\" class=\"wp-block-spacer\"><\/div>\n\n\n\n<h2 class=\"wp-block-heading has-text-align-center has-xx-large-font-size\">Editorial Labor<em>A<\/em>t<\/h2>\n\n\n\n<div class=\"wp-block-buttons is-content-justification-center is-layout-flex wp-container-core-buttons-is-layout-a89b3969 wp-block-buttons-is-layout-flex\">\n<div class=\"wp-block-button has-custom-width wp-block-button__width-50\"><a class=\"wp-block-button__link has-contrast-color has-accent-2-background-color has-text-color has-background has-link-color has-heading-font-family has-large-font-size has-custom-font-size wp-element-button\" style=\"border-style:none;border-width:0px;border-radius:66px;padding-top:var(--wp--preset--spacing--10);padding-right:0;padding-bottom:var(--wp--preset--spacing--10);padding-left:0\"><strong>Pu<em>blic<\/em>a\u00e7\u00f5es<\/strong><\/a><\/div>\n<\/div>\n\n\n\n<div style=\"height:24px\" aria-hidden=\"true\" class=\"wp-block-spacer\"><\/div>\n\n\n\n<div class=\"wp-block-group is-layout-grid wp-container-core-group-is-layout-478b6e6b wp-block-group-is-layout-grid\">\n<h4 class=\"wp-block-heading has-text-align-center has-accent-2-background-color has-background has-medium-font-size\"><strong><a href=\"https:\/\/editoriallaborat.com.br\/?page_id=94\" data-type=\"page\" data-id=\"94\">B<em>olet<\/em>im Mi<em>udi<\/em>m<\/a><\/strong><\/h4>\n\n\n\n<h2 class=\"wp-block-heading has-text-align-center has-accent-3-background-color has-background has-medium-font-size\"><a href=\"https:\/\/editoriallaborat.com.br\/?page_id=111\" data-type=\"page\" data-id=\"111\"><strong>eB<em>ook<\/em>s<\/strong> <br><strong>&amp; A<em>fin<\/em>s<\/strong><\/a><\/h2>\n\n\n\n<p class=\"has-text-align-center has-contrast-3-background-color has-background has-medium-font-size\"><strong>M\u00eddias Acad\u00eamicas<\/strong><\/p>\n\n\n\n<h2 class=\"wp-block-heading has-text-align-center has-accent-4-background-color has-background has-medium-font-size\"><a href=\"https:\/\/editoriallaborat.com.br\/?page_id=151\" data-type=\"page\" data-id=\"151\"><strong>Re<em>posit<\/em>\u00f3rio<\/strong> <strong>de F<em>ont<\/em>es R\u00e1<em>pid<\/em>as<\/strong><\/a><\/h2>\n\n\n\n<h2 class=\"wp-block-heading has-text-align-center has-accent-2-background-color has-background has-medium-font-size\"><strong><a href=\"https:\/\/senna.pro.br\/wp\/biblioteca-eletronica\/\">Bilioteca Eletr\u00f4nica do gp<em>L<\/em>inguagem<\/a><\/strong><\/h2>\n<\/div>\n\n\n\n<p><\/p>\n","protected":false},"excerpt":{"rendered":"<p>Editorial LaborAt Boletim Miudim eBooks &amp; Afins M\u00eddias Acad\u00eamicas Reposit\u00f3rio de Fontes R\u00e1pidas Bilioteca Eletr\u00f4nica do gpLinguagem<\/p>\n","protected":false},"author":1,"featured_media":0,"parent":25,"menu_order":0,"comment_status":"closed","ping_status":"closed","template":"page-no-title","meta":{"footnotes":""},"class_list":["post-69","page","type-page","status-publish","hentry"],"_links":{"self":[{"href":"https:\/\/editoriallaborat.com.br\/index.php?rest_route=\/wp\/v2\/pages\/69","targetHints":{"allow":["GET"]}}],"collection":[{"href":"https:\/\/editoriallaborat.com.br\/index.php?rest_route=\/wp\/v2\/pages"}],"about":[{"href":"https:\/\/editoriallaborat.com.br\/index.php?rest_route=\/wp\/v2\/types\/page"}],"author":[{"embeddable":true,"href":"https:\/\/editoriallaborat.com.br\/index.php?rest_route=\/wp\/v2\/users\/1"}],"replies":[{"embeddable":true,"href":"https:\/\/editoriallaborat.com.br\/index.php?rest_route=%2Fwp%2Fv2%2Fcomments&post=69"}],"version-history":[{"count":5,"href":"https:\/\/editoriallaborat.com.br\/index.php?rest_route=\/wp\/v2\/pages\/69\/revisions"}],"predecessor-version":[{"id":155,"href":"https:\/\/editoriallaborat.com.br\/index.php?rest_route=\/wp\/v2\/pages\/69\/revisions\/155"}],"up":[{"embeddable":true,"href":"https:\/\/editoriallaborat.com.br\/index.php?rest_route=\/wp\/v2\/pages\/25"}],"wp:attachment":[{"href":"https:\/\/editoriallaborat.com.br\/index.php?rest_route=%2Fwp%2Fv2%2Fmedia&parent=69"}],"curies":[{"name":"wp","href":"https:\/\/api.w.org\/{rel}","templated":true}]}}