{"id":75,"date":"2025-08-04T11:44:32","date_gmt":"2025-08-04T14:44:32","guid":{"rendered":"https:\/\/editoriallaborat.com.br\/?page_id=75"},"modified":"2025-10-24T11:45:02","modified_gmt":"2025-10-24T14:45:02","slug":"editoria","status":"publish","type":"page","link":"https:\/\/editoriallaborat.com.br\/?page_id=75","title":{"rendered":"Editoria"},"content":{"rendered":"\n<div style=\"height:25px\" aria-hidden=\"true\" class=\"wp-block-spacer\"><\/div>\n\n\n\n<h2 class=\"wp-block-heading has-text-align-center has-xx-large-font-size\">Editorial Labor<em>A<\/em>t<\/h2>\n\n\n\n<div class=\"wp-block-buttons is-content-justification-center is-layout-flex wp-container-core-buttons-is-layout-a89b3969 wp-block-buttons-is-layout-flex\">\n<div class=\"wp-block-button has-custom-width wp-block-button__width-50 is-style-outline is-style-outline--1\"><a class=\"wp-block-button__link has-contrast-color has-accent-2-background-color has-text-color has-background has-link-color has-heading-font-family has-large-font-size has-text-align-center has-custom-font-size wp-element-button\" style=\"border-style:none;border-width:0px;border-radius:73px;padding-top:var(--wp--preset--spacing--10);padding-right:0;padding-bottom:var(--wp--preset--spacing--10);padding-left:0\"><strong>E<em>dit<\/em>oria<\/strong><\/a><\/div>\n<\/div>\n\n\n\n<div style=\"height:37px\" aria-hidden=\"true\" id=\"perfil\" class=\"wp-block-spacer\"><\/div>\n\n\n\n<div class=\"wp-block-columns alignwide has-contrast-background-color has-background is-layout-flex wp-container-core-columns-is-layout-28f84493 wp-block-columns-is-layout-flex\" style=\"border-radius:60px\">\n<div class=\"wp-block-column is-layout-flow wp-block-column-is-layout-flow\" style=\"flex-basis:15%\">\n<h2 class=\"wp-block-heading has-text-align-right has-base-2-color has-text-color has-link-color wp-elements-3a2b90130e96313f7ecc8e4f0e95bbcb\">Perfil Editorial<\/h2>\n<\/div>\n\n\n\n<div class=\"wp-block-column is-layout-flow wp-block-column-is-layout-flow\" style=\"flex-basis:85%\">\n<h4 class=\"wp-block-heading has-base-2-color has-text-color has-link-color has-body-font-family has-medium-font-size wp-elements-01d70109cc17fdf7ec89a7586f6310a2\">Todos os colaboradores do Editorial Labor<em>A<\/em>t s\u00e3o membros credenciados de programas de p\u00f3s-gradua\u00e7\u00e3o no Brasil ou centros de pesquisa equivalentes no exterior, atuando conjunta e solidariamente no interesse da produ\u00e7\u00e3o de conhecimento de base para a Educa\u00e7\u00e3o brasileira, seus sistemas de ensino e pol\u00edticas\/programas de desenvolvimento.<\/h4>\n\n\n\n<h4 class=\"wp-block-heading has-base-2-color has-text-color has-link-color has-body-font-family has-medium-font-size wp-elements-7c728626fc9d230a3f1655e3dcf8ad20\">Acima de tudo, \u00e9 preciso garantir a confiabilidade do material publicado no editorial, a fim de que se ofere\u00e7a ao p\u00fablico leitor, especialmente ao p\u00fablico do mundo acad\u00eamico-cient\u00edfico, fontes de informa\u00e7\u00e3o que atendam a par\u00e2metros adequados de valida\u00e7\u00e3o, a saber:<\/h4>\n\n\n\n<h5 class=\"wp-block-heading has-base-2-color has-text-color has-link-color has-body-font-family has-small-font-size wp-elements-ea0ea407bf837b2ab94c099a4195ed99\">a) <strong>chancela de origem<\/strong>: os autores devem ser formalmente vinculados a centros de pesquisa de reconhecida reputa\u00e7\u00e3o ou programas de p\u00f3s-gradua\u00e7\u00e3o que tenham cursos de doutorado reconhecidos;<\/h5>\n\n\n\n<h5 class=\"wp-block-heading has-base-2-color has-text-color has-link-color has-body-font-family has-small-font-size wp-elements-779f7e61ebbe38c5592b1f6ef7fc210f\">b) <strong>chancela de produ\u00e7\u00e3o<\/strong>: todo original deve necessariamente demonstrar rela\u00e7\u00e3o com pesquisa, ou pesquisas, desenvolvidas, ou em desenvolvimento, pelos respectivos autores;<\/h5>\n\n\n\n<h5 class=\"wp-block-heading has-base-2-color has-text-color has-link-color has-body-font-family has-small-font-size wp-elements-8bd0a4b02df8476d9f20af2b770788eb\">c) <strong>chancela de pares da comunidade acad\u00eamico-cient\u00edfica<\/strong>: todo original deve ser chancelado quanto a sua confiabilidade como fonte de informa\u00e7\u00e3o ou forma\u00e7\u00e3o acad\u00eamico-cient\u00edfica (n\u00e3o se aplica a material de populariza\u00e7\u00e3o da informa\u00e7\u00e3o, cuja avalia\u00e7\u00e3o \u00e9 feita pelo comit\u00ea editorial permanente), por meio de pareceres elaborados por professores altamente qualificados na respectiva \u00e1rea de investiga\u00e7\u00e3o.<\/h5>\n\n\n\n<h5 class=\"wp-block-heading has-base-2-color has-text-color has-link-color has-body-font-family has-small-font-size wp-elements-96b68f0725a009e400394d4e4d3ac68e\">d) <strong>chancela lingu\u00edstica<\/strong>: os originais devem vir acompanhados de declara\u00e7\u00e3o de adequa\u00e7\u00e3o gramatical e discursiva, emitida por professor qualificado nas \u00e1reas de Lingu\u00edstica ou Letras.<\/h5>\n<\/div>\n<\/div>\n\n\n\n<div style=\"height:5px\" aria-hidden=\"true\" id=\"areasdeinteresse\" class=\"wp-block-spacer\"><\/div>\n\n\n\n<div class=\"wp-block-columns alignwide has-accent-2-background-color has-background is-layout-flex wp-container-core-columns-is-layout-28f84493 wp-block-columns-is-layout-flex\" style=\"border-radius:60px\">\n<div class=\"wp-block-column is-layout-flow wp-block-column-is-layout-flow\">\n<h2 class=\"wp-block-heading has-text-align-center\"><strong>\u00c1reas de Interesse Editorial<\/strong><\/h2>\n\n\n\n<h4 class=\"wp-block-heading has-body-font-family has-medium-font-size\">O Labor<em>A<\/em>t \u00e9 um bra\u00e7o do Grupo de Pesquisa Linguagem Cogni\u00e7\u00e3o Humana e Processos Educacionais, por sua vez, vinculado \u00e0 linha de pesquisa Educa\u00e7\u00e3o Inclusiva e Processos Educacionais do ProPEd\/Uerj. Sua cria\u00e7\u00e3o deveu-se ao desejo de trazer \u00e0 cena quest\u00f5es relacionadas aos diferentes processos de inclus\u00e3o escolar no \u00e2mbito de uma Educa\u00e7\u00e3o que j\u00e1 n\u00e3o se basta em modalidades de ensino exclusivamente presencial.<\/h4>\n\n\n\n<h4 class=\"wp-block-heading has-body-font-family has-medium-font-size\">Se j\u00e1 nos \u00e9 desafiadora a meta da efetiva universaliza\u00e7\u00e3o do ensino no Brasil, tanto maior \u00e9 o desafio quando se tratada de ensino mediado ou a dist\u00e2ncia. H\u00e1 uma infinidade de quest\u00f5es de base que ainda est\u00e3o por se definir e discutir exaustivamente no campo da educa\u00e7\u00e3o social inclusiva e, sobretudo, no campo da \u201ceduca\u00e7\u00e3o social inclusiva mediada ou a dist\u00e2ncia\u201d, j\u00e1 desde a concep\u00e7\u00e3o dos sujeitos diversos das aprendizagens, sua concep\u00e7\u00e3o como subjetividade em face de si mesmos e dos seus entornos culturais. H\u00e1 ainda quest\u00f5es sens\u00edveis quanto \u00e0 natureza da experi\u00eancia curricular em meios de ensino mediados e a dist\u00e2ncia, assim como a adequa\u00e7\u00e3o dos modelos e estruturas de suporte material sem preju\u00edzo da forma\u00e7\u00e3o global, n\u00e3o restrita \u00e0 apresenta\u00e7\u00e3o de conte\u00fado program\u00e1tico desta ou aquela disciplinas.<\/h4>\n<\/div>\n<\/div>\n\n\n\n<div style=\"height:5px\" aria-hidden=\"true\" id=\"tiposdepublicacao\" class=\"wp-block-spacer\"><\/div>\n\n\n\n<div class=\"wp-block-columns alignwide is-layout-flex wp-container-core-columns-is-layout-28f84493 wp-block-columns-is-layout-flex\">\n<div class=\"wp-block-column is-layout-flow wp-block-column-is-layout-flow\">\n<div class=\"wp-block-media-text is-stacked-on-mobile is-vertically-aligned-center has-base-2-background-color has-background\" style=\"border-style:none;border-width:0px;margin-top:0;margin-right:0;margin-bottom:0;margin-left:0;padding-top:0;padding-bottom:0;grid-template-columns:26% auto\"><figure class=\"wp-block-media-text__media\"><img loading=\"lazy\" decoding=\"async\" width=\"987\" height=\"994\" src=\"https:\/\/editoriallaborat.com.br\/wp-content\/uploads\/2025\/08\/tipos_publicacao.gif\" alt=\"\" class=\"wp-image-84 size-full\"\/><\/figure><div class=\"wp-block-media-text__content\">\n<p class=\"has-contrast-color has-text-color has-link-color has-medium-font-size wp-elements-6daf2a26c3d1b781bf433b50bd2f06ad\"><strong>Tipos de Publica\u00e7\u00e3o<\/strong><\/p>\n\n\n\n<p class=\"has-contrast-color has-text-color has-link-color wp-elements-bc32d8063442c348141260af5593a460\">O Editorial LaborAt publica trabalhos nas diferentes \u00e1reas conexas ao campo de investiga\u00e7\u00f5es em Educa\u00e7\u00e3o Social Inclusiva, dentro do seguinte escopo de publica\u00e7\u00f5es.<\/p>\n\n\n\n<p class=\"has-contrast-color has-text-color has-link-color has-medium-font-size wp-elements-b768b3e79ad4c231c90bca2acf85db35\"><strong>1<\/strong> <strong>Obras autorais de cunho te\u00f3rico-dissertativo<\/strong> derivadas de pesquisas ou estudos avan\u00e7ados desenvolvidas por professores e\/ou pesquisadores vinculados a centros de produ\u00e7\u00e3o de conhecimento qualificados, como centros de pesquisa e programas de p\u00f3s-gradua\u00e7\u00e3o com cursos de doutoramento credenciados.<\/p>\n\n\n\n<p class=\"has-contrast-color has-text-color has-link-color has-small-font-size wp-elements-74c354179584c52a982c6dc700026461\">Tipo de produto: <br>Livro eletr\u00f4nico em formato PDF (padr\u00e3o print) e <em>e<\/em>Book (padr\u00e3o auto-ajust\u00e1vel) &#8211; Open Access<\/p>\n\n\n\n<p class=\"has-contrast-color has-text-color has-link-color wp-elements-60456a6cb99c476b88c84436c68fd869\"><strong>2 Obras autorais ou coletivas de car\u00e1ter experimental<\/strong>, explorando formatos alternativos de dissemina\u00e7\u00e3o da informa\u00e7\u00e3o acad\u00eamico-cientifica, dentre aqueles dispon\u00edveis para plataformas eletr\u00f4nicas, como apresenta\u00e7\u00f5es audiovisuais, v\u00eddeos, rob\u00f4s 3D etc., desde que oriundas de grupos de pesquisas chancelados por suas respectivas institui\u00e7\u00f5es e envolvam mat\u00e9ria relacionada \u00e0s \u00e1reas de publica\u00e7\u00e3o do editorial.<\/p>\n\n\n\n<p class=\"has-contrast-color has-text-color has-link-color has-small-font-size wp-elements-57f0e398cc40400ce644e742b8afbc78\">Tipo de produto:<br>Diversos \/ eletr\u00f4nicos &#8211; Open Access<\/p>\n<\/div><\/div>\n<\/div>\n<\/div>\n\n\n\n<div class=\"wp-block-buttons is-content-justification-center is-layout-flex wp-container-core-buttons-is-layout-a89b3969 wp-block-buttons-is-layout-flex\">\n<div class=\"wp-block-button has-custom-width wp-block-button__width-50\"><a class=\"wp-block-button__link has-contrast-color has-accent-2-background-color has-text-color has-background has-link-color wp-element-button\" href=\"https:\/\/editoriallaborat.com.br\/?page_id=140\" style=\"border-radius:73px\">Como publicar no Editorial Labor<em>A<\/em>t<\/a><\/div>\n<\/div>\n\n\n\n<div style=\"height:5px\" aria-hidden=\"true\" id=\"comite\" class=\"wp-block-spacer\"><\/div>\n\n\n\n<div class=\"wp-block-columns alignwide has-contrast-background-color has-background is-layout-flex wp-container-core-columns-is-layout-28f84493 wp-block-columns-is-layout-flex\" style=\"border-radius:60px\">\n<div class=\"wp-block-column is-layout-flow wp-block-column-is-layout-flow\" style=\"flex-basis:15%\">\n<h2 class=\"wp-block-heading has-text-align-right has-base-2-color has-text-color has-link-color wp-elements-26fa9778adc5d5f775e274675fee7fac\"><strong>Corpo Editorial<\/strong><\/h2>\n<\/div>\n\n\n\n<div class=\"wp-block-column is-layout-flow wp-block-column-is-layout-flow\" style=\"flex-basis:85%\">\n<p class=\"has-base-2-color has-text-color has-link-color has-medium-font-size wp-elements-3d1532e134d74aee3e41d728e959d1c8\">O corpo editorial divide-se em dois segmentos: Conselho Editorial e Consultores <em>ad hoc<\/em>, cada qual com fun\u00e7\u00f5es diferentes.<\/p>\n\n\n\n<p class=\"has-base-2-color has-text-color has-link-color has-medium-font-size wp-elements-58ab88ac990fa0f5dd020b7f9b39e73a\">O Conselho Editorial constitui-se de um grupo relativamente est\u00e1vel de professores e pesquisadores representantes expertos da comunidade acad\u00eamico-cient\u00edfica, cuja miss\u00e3o \u00e9 acompanhar e avaliar em car\u00e1ter recursivo o perfil editorial do <strong><em>Editorial LaborAt<\/em><\/strong>, visando, assim, a garantir sua confiabilidade como instrumento de imprensa especializada. Compete aos membros do Comit\u00ea Editorial emitir parecer final quanto \u00e0 publica\u00e7\u00e3o de originais previamente abonados por consultores <em>ad-hoc<\/em>.<\/p>\n\n\n\n<div class=\"wp-block-buttons is-content-justification-center is-layout-flex wp-container-core-buttons-is-layout-a89b3969 wp-block-buttons-is-layout-flex\">\n<div class=\"wp-block-button\"><a class=\"wp-block-button__link has-contrast-color has-accent-2-background-color has-text-color has-background has-link-color wp-element-button\" style=\"border-style:none;border-width:0px;border-radius:56px;padding-right:var(--wp--preset--spacing--20);padding-left:var(--wp--preset--spacing--20)\">Conselho Editorial Ativo<\/a><\/div>\n<\/div>\n\n\n\n<p class=\"has-base-2-color has-text-color has-link-color has-medium-font-size wp-elements-f8e4d164a429a50aec54b97ec212ddab\">Os Consultores <em>ad hoc<\/em> s\u00e3o professores e pesquisadores convidados para emitirem parecer acerca da qualidade dos originais encaminhados para publica\u00e7\u00e3o, sempre em regime de avalia\u00e7\u00e3o duplo-cega conforme rotina ordin\u00e1ria na cultura acad\u00eamico-cient\u00edfica.<\/p>\n<\/div>\n<\/div>\n\n\n\n<p><\/p>\n","protected":false},"excerpt":{"rendered":"<p>Editorial LaborAt Perfil Editorial Todos os colaboradores do Editorial LaborAt s\u00e3o membros credenciados de programas de p\u00f3s-gradua\u00e7\u00e3o no Brasil ou centros de pesquisa equivalentes no exterior, atuando conjunta e solidariamente no interesse da produ\u00e7\u00e3o de conhecimento de base para a Educa\u00e7\u00e3o brasileira, seus sistemas de ensino e pol\u00edticas\/programas de desenvolvimento. Acima de tudo, \u00e9 preciso [&hellip;]<\/p>\n","protected":false},"author":1,"featured_media":0,"parent":25,"menu_order":0,"comment_status":"closed","ping_status":"closed","template":"page-no-title","meta":{"footnotes":""},"class_list":["post-75","page","type-page","status-publish","hentry"],"_links":{"self":[{"href":"https:\/\/editoriallaborat.com.br\/index.php?rest_route=\/wp\/v2\/pages\/75","targetHints":{"allow":["GET"]}}],"collection":[{"href":"https:\/\/editoriallaborat.com.br\/index.php?rest_route=\/wp\/v2\/pages"}],"about":[{"href":"https:\/\/editoriallaborat.com.br\/index.php?rest_route=\/wp\/v2\/types\/page"}],"author":[{"embeddable":true,"href":"https:\/\/editoriallaborat.com.br\/index.php?rest_route=\/wp\/v2\/users\/1"}],"replies":[{"embeddable":true,"href":"https:\/\/editoriallaborat.com.br\/index.php?rest_route=%2Fwp%2Fv2%2Fcomments&post=75"}],"version-history":[{"count":11,"href":"https:\/\/editoriallaborat.com.br\/index.php?rest_route=\/wp\/v2\/pages\/75\/revisions"}],"predecessor-version":[{"id":146,"href":"https:\/\/editoriallaborat.com.br\/index.php?rest_route=\/wp\/v2\/pages\/75\/revisions\/146"}],"up":[{"embeddable":true,"href":"https:\/\/editoriallaborat.com.br\/index.php?rest_route=\/wp\/v2\/pages\/25"}],"wp:attachment":[{"href":"https:\/\/editoriallaborat.com.br\/index.php?rest_route=%2Fwp%2Fv2%2Fmedia&parent=75"}],"curies":[{"name":"wp","href":"https:\/\/api.w.org\/{rel}","templated":true}]}}